{"id":55,"date":"2025-05-27T20:55:50","date_gmt":"2025-05-27T18:55:50","guid":{"rendered":"https:\/\/heldentaten.com\/kunden\/sn\/?page_id=55"},"modified":"2025-07-01T12:56:20","modified_gmt":"2025-07-01T10:56:20","slug":"impressum","status":"publish","type":"page","link":"https:\/\/www.stella-nostra.de\/en\/impressum\/","title":{"rendered":"Impressum"},"content":{"rendered":"<p><strong>Verantwortlich f\u00fcr die Inhalte: <\/strong><\/p>\n\n\n\n<p>Benjamin Muirhead<br>Energy Consulting<br>Muthesiusstr. 17<br>12163 Berlin<br><\/p>\n\n\n\n<p><strong>Kontakt<\/strong><br>Telefon: 015159430550<br>E-Mail: benjamin@stella-nostra.de<br><br>Steuernummer: 20\/450\/03579<\/p>\n\n\n\n<p><strong>EU-Streitschlichtung<\/strong><br>Die Europ\u00e4ische Kommission stellt eine Plattform zur Online-Streitbeilegung (OS) bereit: https:\/\/ec.europa.eu\/consumers\/odr\/.<br>Unsere E-Mail-Adresse finden Sie oben im Impressum.<br><\/p>\n\n\n\n<p><strong>Verbraucherstreitbeilegung\/Universalschlichtungsstelle<\/strong><br>Wir nehmen an einem Streitbeilegungsverfahren vor einer Verbraucherschlichtungsstelle teil. Zust\u00e4ndig ist die Universalschlichtungsstelle des Zentrums f\u00fcr Schlichtung e.V., Stra\u00dfburger Stra\u00dfe 8, 77694 Kehl am Rhein (https:\/\/www.verbraucher-schlichter.de)<\/p>","protected":false},"excerpt":{"rendered":"<p>Verantwortlich f\u00fcr die Inhalte: Benjamin MuirheadEnergieberatungMuthesiusstr. 1712163 Berlin KontaktTelefon: 015159430550E-Mail: benjamin@stella-nostra.de Steuernummer: 20\/450\/03579 EU-StreitschlichtungDie Europ\u00e4ische Kommission stellt eine Plattform zur Online-Streitbeilegung (OS) bereit: https:\/\/ec.europa.eu\/consumers\/odr\/.Unsere E-Mail-Adresse finden Sie oben im Impressum. Verbraucherstreitbeilegung\/UniversalschlichtungsstelleWir nehmen an einem Streitbeilegungsverfahren vor einer Verbraucherschlichtungsstelle teil. Zust\u00e4ndig ist die Universalschlichtungsstelle des Zentrums f\u00fcr Schlichtung e.V., Stra\u00dfburger Stra\u00dfe 8, 77694 Kehl am Rhein [&hellip;]<\/p>","protected":false},"author":1,"featured_media":0,"parent":0,"menu_order":0,"comment_status":"closed","ping_status":"closed","template":"","meta":{"_themeisle_gutenberg_block_has_review":false,"footnotes":""},"class_list":["post-55","page","type-page","status-publish","hentry"],"_links":{"self":[{"href":"https:\/\/www.stella-nostra.de\/en\/wp-json\/wp\/v2\/pages\/55","targetHints":{"allow":["GET"]}}],"collection":[{"href":"https:\/\/www.stella-nostra.de\/en\/wp-json\/wp\/v2\/pages"}],"about":[{"href":"https:\/\/www.stella-nostra.de\/en\/wp-json\/wp\/v2\/types\/page"}],"author":[{"embeddable":true,"href":"https:\/\/www.stella-nostra.de\/en\/wp-json\/wp\/v2\/users\/1"}],"replies":[{"embeddable":true,"href":"https:\/\/www.stella-nostra.de\/en\/wp-json\/wp\/v2\/comments?post=55"}],"version-history":[{"count":3,"href":"https:\/\/www.stella-nostra.de\/en\/wp-json\/wp\/v2\/pages\/55\/revisions"}],"predecessor-version":[{"id":143,"href":"https:\/\/www.stella-nostra.de\/en\/wp-json\/wp\/v2\/pages\/55\/revisions\/143"}],"wp:attachment":[{"href":"https:\/\/www.stella-nostra.de\/en\/wp-json\/wp\/v2\/media?parent=55"}],"curies":[{"name":"wp","href":"https:\/\/api.w.org\/{rel}","templated":true}]}}